{"id":92591,"date":"2025-09-16T15:24:10","date_gmt":"2025-09-16T13:24:10","guid":{"rendered":"https:\/\/popcards.nl\/?post_type=product&#038;p=92591"},"modified":"2026-01-02T16:50:08","modified_gmt":"2026-01-02T15:50:08","slug":"biglietto-pop-up-3d-biglietto-di-natale-albero-di-natale","status":"publish","type":"product","link":"https:\/\/popcards.nl\/it\/product\/pop-up-kaart-3d-kerstkaart-kerstboom\/","title":{"rendered":"Biglietto di auguri pop-up di Natale con albero di Natale \u2013 Biglietto di auguri 3D di lusso"},"content":{"rendered":"<p>Rendi le feste ancora pi\u00f9 speciali con questo splendido biglietto di Natale pop-up di Popcards raffigurante un albero di Natale. Il fronte presenta un grazioso albero di Natale pieno di palline colorate, candele e regali sottostanti. Una volta aperto, si apre un imponente albero di Natale 3D, completo di decorazioni, palline scintillanti, stelle filanti, candele e un puntale dorato.<\/p>\n<p>Questo esclusivo biglietto di Natale 3D \u00e8 pi\u00f9 di un semplice biglietto: \u00e8 anche una decorazione festiva che strapper\u00e0 sicuramente un sorriso al destinatario. Perfetto da esporre sulla mensola del camino, sul davanzale o sulla tavola durante le feste.<\/p>\n<p><strong>Caratteristiche<\/strong><\/p>\n<ul>\n<li>Lussuosa cartolina natalizia pop-up di qualit\u00e0 robusta<\/li>\n<li>Facciata con albero di Natale suggestivo e regali<\/li>\n<li>All&#039;interno di un impressionante albero di Natale 3D con palline, ghirlande, candele e un puntale<\/li>\n<li>Pu\u00f2 essere inviato come posta ordinaria con un solo francobollo di dicembre di PostNL<\/li>\n<li>Ideale come biglietto di auguri natalizio originale per familiari, amici o colleghi di lavoro<\/li>\n<\/ul>\n<p>Con questo biglietto di Natale pop-up, non solo invierai un caloroso augurio di Natale, ma creerai anche un ricordo indelebile che verr\u00e0 esposto con orgoglio. Quest&#039;anno regala un messaggio di Natale indimenticabile con questo lussuoso biglietto di Natale pop-up 3D di Popcards! \ud83c\udf84<\/p>\n<p>Formato carta 30 \u00d7 15 cm, piegato a 15 \u00d7 15 cm.<br \/>\nInclusa busta coordinata, confezionata in un sacchetto di cellophane.<\/p>","protected":false},"excerpt":{"rendered":"<p>Maak de feestdagen extra bijzonder met deze prachtige pop-up kerstkaart met kerstboom van Popcards. Op de voorzijde staat een sfeervolle kerstboom vol kleurrijke kerstballen, kaarsjes en cadeautjes eronder. Bij het openen ontvouwt zich een indrukwekkende 3D kerstboom compleet met versieringen, glimmende ballen, slingers, kaarsjes en een gouden piek. Deze unieke 3D kerstkaart is niet alleen [&hellip;]<\/p>\n","protected":false},"featured_media":92562,"comment_status":"open","ping_status":"closed","template":"","meta":{"_iconic_wsb_product_page_order_bump_ids":[[]],"_sku":["4805388549013"],"_iconic_wsb_product_page_bump_modal_ids":[[]]},"product_brand":[],"product_cat":[79],"product_tag":[131],"class_list":{"0":"post-92591","1":"product","2":"type-product","3":"status-publish","4":"has-post-thumbnail","6":"product_cat-de-top-10-mooiste-kerstkaarten","7":"product_tag-kerst","9":"first","10":"outofstock","11":"taxable","12":"shipping-taxable","13":"purchasable","14":"product-type-simple"},"gallery_images":[93697],"_links":{"self":[{"href":"https:\/\/popcards.nl\/it\/wp-json\/wp\/v2\/product\/92591","targetHints":{"allow":["GET"]}}],"collection":[{"href":"https:\/\/popcards.nl\/it\/wp-json\/wp\/v2\/product"}],"about":[{"href":"https:\/\/popcards.nl\/it\/wp-json\/wp\/v2\/types\/product"}],"replies":[{"embeddable":true,"href":"https:\/\/popcards.nl\/it\/wp-json\/wp\/v2\/comments?post=92591"}],"wp:featuredmedia":[{"embeddable":true,"href":"https:\/\/popcards.nl\/it\/wp-json\/wp\/v2\/media\/92562"}],"wp:attachment":[{"href":"https:\/\/popcards.nl\/it\/wp-json\/wp\/v2\/media?parent=92591"}],"wp:term":[{"taxonomy":"product_brand","embeddable":true,"href":"https:\/\/popcards.nl\/it\/wp-json\/wp\/v2\/product_brand?post=92591"},{"taxonomy":"product_cat","embeddable":true,"href":"https:\/\/popcards.nl\/it\/wp-json\/wp\/v2\/product_cat?post=92591"},{"taxonomy":"product_tag","embeddable":true,"href":"https:\/\/popcards.nl\/it\/wp-json\/wp\/v2\/product_tag?post=92591"}],"curies":[{"name":"parola chiave","href":"https:\/\/api.w.org\/{rel}","templated":true}]}}