{"id":93028,"date":"2025-09-26T13:37:37","date_gmt":"2025-09-26T11:37:37","guid":{"rendered":"https:\/\/popcards.nl\/?post_type=product&#038;p=93028"},"modified":"2026-05-12T20:36:53","modified_gmt":"2026-05-12T18:36:53","slug":"annuncio-di-nascita-con-biglietto-pop-up-raffigurante-un-bambino-su-una-balena","status":"publish","type":"product","link":"https:\/\/popcards.nl\/it\/product\/geboortekaart-baby-op-walvis-pop-up-kaart\/","title":{"rendered":"Grazioso annuncio di nascita: biglietto pop-up con bambino addormentato su balena"},"content":{"rendered":"<p>Regala un sorriso e un tocco di magia con questo toccante biglietto pop-up di Popcards. Il fronte presenta una dolce illustrazione di un bambino addormentato sul retro di una simpatica balena. Aprendo il biglietto, si scopre un&#039;affascinante scena 3D: una dolce balena che porta in braccio un bambino, incorniciata da dolci onde e da un arcobaleno colorato. Un meraviglioso simbolo di pace, protezione e amore.<\/p>\n<p>Questo biglietto \u00e8 pi\u00f9 di un semplice augurio: \u00e8 una piccola opera d&#039;arte, realizzata con cura e maestria. Grazie ai materiali di alta qualit\u00e0, ai dettagli tagliati al laser e ai colori tenui e sognanti, trasmette calore e serenit\u00e0. All&#039;interno, c&#039;\u00e8 spazio per un messaggio personale, che render\u00e0 il tuo augurio ancora pi\u00f9 speciale.<\/p>\n<h4>\u2728 Perch\u00e9 scegliere questa carta Popcards?<\/h4>\n<ul>\n<li style=\"list-style-type: none;\">\n<ul>\n<li>Affascinante design 3D: un bambino addormentato su una balena, con arcobaleno e dettagli da sogno.<\/li>\n<li>Artigianato di alta qualit\u00e0: realizzato a mano con carta di alta qualit\u00e0 e lavorazione raffinata.<\/li>\n<li>Versatile e significativo: <strong>ideale per un baby shower, un compleanno o come annuncio di una nascita.<\/strong><\/li>\n<li>Un ricordo duraturo: pi\u00f9 di un biglietto: una splendida decorazione da conservare.<\/li>\n<li>Include busta: pronto per essere regalato o spedito per lettera.<\/li>\n<\/ul>\n<\/li>\n<\/ul>\n<p>Con il biglietto pop-up &quot;Balena Addormentata&quot;, fai un gesto indimenticabile e simbolico di amore, pace e connessione. Perfetto per celebrare momenti speciali. \ud83d\udc99<\/p>\n<p>Dimensioni del biglietto 26 \u00d7 18 cm, piegato a 13 \u00d7 18 cm.<br \/>\nInclusa busta coordinata, confezionata in un sacchetto di cellophane.<\/p>","protected":false},"excerpt":{"rendered":"<p>Breng een glimlach en een vleugje magie met deze ontroerende pop-up kaart van Popcards. Op de voorzijde staat een lieve illustratie van een slapende baby op de rug van een vriendelijke walvis. Bij het openen van de kaart ontvouwt zich een betoverend 3D tafereel: een schattige walvis die een baby draagt, omlijst door zachte golven [&hellip;]<\/p>\n","protected":false},"featured_media":93026,"comment_status":"open","ping_status":"closed","template":"","meta":{"_iconic_wsb_product_page_order_bump_ids":[[]],"_sku":["4805388550620"],"_iconic_wsb_product_page_bump_modal_ids":[[]]},"product_brand":[],"product_cat":[22],"product_tag":[25],"class_list":{"0":"post-93028","1":"product","2":"type-product","3":"status-publish","4":"has-post-thumbnail","6":"product_cat-geboorte-geboortekaarten-baby-babykaart","7":"product_tag-geboorte","9":"first","10":"instock","11":"taxable","12":"shipping-taxable","13":"purchasable","14":"product-type-simple"},"gallery_images":[93025,93681],"_links":{"self":[{"href":"https:\/\/popcards.nl\/it\/wp-json\/wp\/v2\/product\/93028","targetHints":{"allow":["GET"]}}],"collection":[{"href":"https:\/\/popcards.nl\/it\/wp-json\/wp\/v2\/product"}],"about":[{"href":"https:\/\/popcards.nl\/it\/wp-json\/wp\/v2\/types\/product"}],"replies":[{"embeddable":true,"href":"https:\/\/popcards.nl\/it\/wp-json\/wp\/v2\/comments?post=93028"}],"wp:featuredmedia":[{"embeddable":true,"href":"https:\/\/popcards.nl\/it\/wp-json\/wp\/v2\/media\/93026"}],"wp:attachment":[{"href":"https:\/\/popcards.nl\/it\/wp-json\/wp\/v2\/media?parent=93028"}],"wp:term":[{"taxonomy":"product_brand","embeddable":true,"href":"https:\/\/popcards.nl\/it\/wp-json\/wp\/v2\/product_brand?post=93028"},{"taxonomy":"product_cat","embeddable":true,"href":"https:\/\/popcards.nl\/it\/wp-json\/wp\/v2\/product_cat?post=93028"},{"taxonomy":"product_tag","embeddable":true,"href":"https:\/\/popcards.nl\/it\/wp-json\/wp\/v2\/product_tag?post=93028"}],"curies":[{"name":"parola chiave","href":"https:\/\/api.w.org\/{rel}","templated":true}]}}