{"id":93536,"date":"2025-10-08T18:14:54","date_gmt":"2025-10-08T16:14:54","guid":{"rendered":"https:\/\/popcards.nl\/?post_type=product&#038;p=93536"},"modified":"2026-04-17T19:06:32","modified_gmt":"2026-04-17T17:06:32","slug":"pesce-spettacolare-biglietto-pop-up-per-pesci-dacqua-dolce","status":"publish","type":"product","link":"https:\/\/popcards.nl\/it\/product\/vis-spectaculair-water-baars-pop-up-kaart\/","title":{"rendered":"Pesci che saltano fuori dall&#039;acqua in modo spettacolare | Cartolina pop-up con pesce persico \ud83d\udc1f"},"content":{"rendered":"<p>Questa cartolina Pop-up Bass di Popcards \u00e8 un vero colpo d&#039;occhio per qualsiasi pescatore, pescatore o appassionato di pesca. Il fronte presenta un&#039;impressionante illustrazione di un persico trota, uno dei pesci sportivi pi\u00f9 amati. Ma il vero spettacolo arriva all&#039;apertura della cartolina: un persico trota 3D dinamico che salta possentemente dall&#039;acqua, con increspature e dettagli che danno vita alla potenza e alla bellezza di questo pesce.<\/p>\n<p>Il biglietto \u00e8 realizzato con cura e maestria, utilizzando carta di alta qualit\u00e0 e tagliato al laser con precisione. Il risultato \u00e8 un&#039;opera d&#039;arte unica che non solo trasmette un messaggio di auguri, ma simboleggia anche forza, felicit\u00e0, equilibrio e passione per la pesca.<\/p>\n<p>\u2728 <strong>Perch\u00e9 questa carta \u00e8 perfetta per i pescatori e gli appassionati di pesca:<\/strong><\/p>\n<ul>\n<li>Copertina con illustrazione realistica di un imponente trespolo.<\/li>\n<li>Spettacolo 3D all&#039;interno: un basso che salta e cattura l&#039;energia della pesca sportiva.<\/li>\n<li>Lavorazione artigianale di lusso: finiture di alta qualit\u00e0 con dettagli raffinati.<\/li>\n<li>Regalo versatile: ideale per compleanni, festa del pap\u00e0, una battuta di pesca di successo o semplicemente come sorpresa per un appassionato di pesca.<\/li>\n<\/ul>\n<p>Che si tratti di spigola o branzino, questo biglietto d&#039;auguri a tema pesca celebra la potenza e la bellezza di uno dei pesci pi\u00f9 iconici. Con questo biglietto pop-up a tema spigola di Popcards, regalerai pi\u00f9 di un semplice biglietto, ma un&#039;esperienza che ogni pescatore apprezzer\u00e0. \ud83d\udc1f<\/p>\n<p>Formato carta 30 \u00d7 15 cm, piegato a 15 \u00d7 15 cm.<br \/>\nInclusa busta coordinata, confezionata in un sacchetto di cellophane.<\/p>","protected":false},"excerpt":{"rendered":"<p>Voor elke visser, hengelaar of visliefhebber is deze Pop-up kaart Baars van Popcards een absolute blikvanger. Op de voorzijde prijkt een indrukwekkende illustratie van een baars \u2013 een van de meest geliefde sportvissen. Maar het echte spektakel volgt bij het openen van de kaart: een dynamische 3D baars die krachtig uit het water springt, compleet [&hellip;]<\/p>\n","protected":false},"featured_media":93423,"comment_status":"open","ping_status":"closed","template":"","meta":{"_iconic_wsb_product_page_order_bump_ids":[[]],"_sku":["4805388556318"],"_iconic_wsb_product_page_bump_modal_ids":[[]]},"product_brand":[],"product_cat":[21],"product_tag":[269],"class_list":{"0":"post-93536","1":"product","2":"type-product","3":"status-publish","4":"has-post-thumbnail","6":"product_cat-dieren-dierenkaarten-wenskaarten","7":"product_tag-vis","9":"first","10":"instock","11":"taxable","12":"shipping-taxable","13":"purchasable","14":"product-type-simple"},"gallery_images":[93668],"_links":{"self":[{"href":"https:\/\/popcards.nl\/it\/wp-json\/wp\/v2\/product\/93536","targetHints":{"allow":["GET"]}}],"collection":[{"href":"https:\/\/popcards.nl\/it\/wp-json\/wp\/v2\/product"}],"about":[{"href":"https:\/\/popcards.nl\/it\/wp-json\/wp\/v2\/types\/product"}],"replies":[{"embeddable":true,"href":"https:\/\/popcards.nl\/it\/wp-json\/wp\/v2\/comments?post=93536"}],"wp:featuredmedia":[{"embeddable":true,"href":"https:\/\/popcards.nl\/it\/wp-json\/wp\/v2\/media\/93423"}],"wp:attachment":[{"href":"https:\/\/popcards.nl\/it\/wp-json\/wp\/v2\/media?parent=93536"}],"wp:term":[{"taxonomy":"product_brand","embeddable":true,"href":"https:\/\/popcards.nl\/it\/wp-json\/wp\/v2\/product_brand?post=93536"},{"taxonomy":"product_cat","embeddable":true,"href":"https:\/\/popcards.nl\/it\/wp-json\/wp\/v2\/product_cat?post=93536"},{"taxonomy":"product_tag","embeddable":true,"href":"https:\/\/popcards.nl\/it\/wp-json\/wp\/v2\/product_tag?post=93536"}],"curies":[{"name":"parola chiave","href":"https:\/\/api.w.org\/{rel}","templated":true}]}}