{"id":93538,"date":"2025-10-08T18:25:32","date_gmt":"2025-10-08T16:25:32","guid":{"rendered":"https:\/\/popcards.nl\/?post_type=product&#038;p=93538"},"modified":"2026-04-02T21:26:32","modified_gmt":"2026-04-02T19:26:32","slug":"cartolina-pop-up-con-cavallo-rampante-in-un-paesaggio-montano","status":"publish","type":"product","link":"https:\/\/popcards.nl\/it\/product\/steigerend-paard-in-berglandschap-pop-up-kaart\/","title":{"rendered":"Bellissimo biglietto d&#039;auguri pop-up con cavallo rampante in un paesaggio montano"},"content":{"rendered":"<p>Per i veri amanti dei cavalli, questo biglietto pop-up &quot;Cavallino Rampante&quot; di Popcards \u00e8 una vera opera d&#039;arte. Il fronte presenta una foto impressionante di un bellissimo cavallo, possente ed elegante. Ma il vero momento wow arriva una volta aperto il biglietto: un maestoso cavallo 3D che si impenna con grazia, sullo sfondo di uno splendido paesaggio montano. La scena trasuda libert\u00e0, energia e bellezza naturale.<\/p>\n<p>La combinazione tra la foto realistica e il dettagliato design pop-up 3D rende questo biglietto un regalo unico e indimenticabile. Ogni biglietto \u00e8 accuratamente realizzato a mano con carta di alta qualit\u00e0, con raffinati dettagli tagliati al laser che danno quasi vita al cavallo.<\/p>\n<p>\u2728<strong> Perch\u00e9 gli amanti dei cavalli adoreranno questa carta:<\/strong><\/p>\n<ul>\n<li>Copertina impressionante: una splendida foto di un maestoso cavallo.<\/li>\n<li>Maestoso design 3D: un cavallo rampante in un paesaggio montano.<\/li>\n<li>Artigianato e qualit\u00e0: realizzati con precisione utilizzando carta robusta e pregiata.<\/li>\n<li>Personale e duraturo: soprattutto con il tuo messaggio scritto a mano.<\/li>\n<li>Regalo perfetto: ideale per compleanni, congratulazioni o semplicemente per sorprendere un amante degli animali o dei cavalli.<\/li>\n<\/ul>\n<p>Con questo biglietto pop-up a forma di cavallo di Popcards, farai pi\u00f9 di semplici congratulazioni: regalerai un potente simbolo di libert\u00e0, eleganza e bellezza che il destinatario amer\u00e0. \ud83d\udc34\ud83d\udc8c<\/p>\n<p>Formato carta 30 \u00d7 15 cm, piegato a 15 \u00d7 15 cm.<br \/>\nInclusa busta coordinata, confezionata in un sacchetto di cellophane.<\/p>","protected":false},"excerpt":{"rendered":"<p>Voor de echte paardenliefhebber is deze pop-up kaart Steigerend Paard van Popcards een waar kunstwerk. Op de voorzijde straalt een indrukwekkende foto van een prachtig paard, krachtig en elegant. Maar het \u00e9chte wow-moment volgt zodra de kaart wordt geopend: een majestueus 3D paard dat gracieus steigert, geplaatst in een schitterend berglandschap. Het tafereel ademt vrijheid, [&hellip;]<\/p>\n","protected":false},"featured_media":93540,"comment_status":"open","ping_status":"closed","template":"","meta":{"_iconic_wsb_product_page_order_bump_ids":[[]],"_sku":["4805388548405"],"_iconic_wsb_product_page_bump_modal_ids":[[]]},"product_brand":[],"product_cat":[21],"product_tag":[136],"class_list":{"0":"post-93538","1":"product","2":"type-product","3":"status-publish","4":"has-post-thumbnail","6":"product_cat-dieren-dierenkaarten-wenskaarten","7":"product_tag-paarden","9":"first","10":"instock","11":"sale","12":"taxable","13":"shipping-taxable","14":"purchasable","15":"product-type-simple"},"gallery_images":[93539,93667],"_links":{"self":[{"href":"https:\/\/popcards.nl\/it\/wp-json\/wp\/v2\/product\/93538","targetHints":{"allow":["GET"]}}],"collection":[{"href":"https:\/\/popcards.nl\/it\/wp-json\/wp\/v2\/product"}],"about":[{"href":"https:\/\/popcards.nl\/it\/wp-json\/wp\/v2\/types\/product"}],"replies":[{"embeddable":true,"href":"https:\/\/popcards.nl\/it\/wp-json\/wp\/v2\/comments?post=93538"}],"wp:featuredmedia":[{"embeddable":true,"href":"https:\/\/popcards.nl\/it\/wp-json\/wp\/v2\/media\/93540"}],"wp:attachment":[{"href":"https:\/\/popcards.nl\/it\/wp-json\/wp\/v2\/media?parent=93538"}],"wp:term":[{"taxonomy":"product_brand","embeddable":true,"href":"https:\/\/popcards.nl\/it\/wp-json\/wp\/v2\/product_brand?post=93538"},{"taxonomy":"product_cat","embeddable":true,"href":"https:\/\/popcards.nl\/it\/wp-json\/wp\/v2\/product_cat?post=93538"},{"taxonomy":"product_tag","embeddable":true,"href":"https:\/\/popcards.nl\/it\/wp-json\/wp\/v2\/product_tag?post=93538"}],"curies":[{"name":"parola chiave","href":"https:\/\/api.w.org\/{rel}","templated":true}]}}