{"id":968,"date":"2019-01-30T22:04:29","date_gmt":"2019-01-30T21:04:29","guid":{"rendered":"https:\/\/popcards.nl\/?post_type=product&#038;p=968"},"modified":"2026-04-17T00:19:12","modified_gmt":"2026-04-16T22:19:12","slug":"parigi-torre-eiffel-montmarte-sacre-coeur-notre-dame","status":"publish","type":"product","link":"https:\/\/popcards.nl\/it\/product\/parijs-eiffeltoren-montmarte-sacre-coeur-notre-dame\/","title":{"rendered":"Torre Eiffel, Montmartre, Sacr\u00e9-Coeur, Notre Dame, Parigi je t&#039;aime"},"content":{"rendered":"<p>Con questo bellissimo biglietto di auguri tridimensionale trasparente da Parigi, con una coppia romantica su una panchina, dai al destinatario un bel gusto o un ricordo di Parigi. Passeggia nella tua mente per Parigi attraverso il quartiere degli artisti <a href=\"https:\/\/nl.wikipedia.org\/wiki\/Montmartre\" target=\"_blank\" rel=\"noopener noreferrer\">Montmartre<\/a>. Sacre Coeur, Place du Tertre e ovviamente il Moulin Rouge. La Torre Eiffel, Notre Dame, la Senna. Guarda anche l&#039;altro <a href=\"https:\/\/popcards.nl\/it\/etichetta-del-prodotto\/parigi-5\/\">Biglietti di auguri di Parigi<\/a>.<\/p>\n<p>Dimensioni della carta 11 \u00d7 11 \u00d7 7 cm, piegato in piano fino a 18 \u00d7 11 cm.<br \/>\nInclusa busta vuota coordinata, confezionata in sacchetto di cellophane.<\/p>","protected":false},"excerpt":{"rendered":"<p>Met deze schitterende driedimensionale doorkijk wenskaart van Parijs, met romantisch stel op bankje, geef je de ontvanger een mooi voorproefje of herinnering aan Parijs. Wandel in je gedachten door Parijs door de kunstenaarswijk Montmartre. Sacre Coeur, Place du Tertre en natuurlijk de Moulin Rouge. De Eiffeltoren, de Notre Dame, de Seine. Kijk ook bij onze [&hellip;]<\/p>\n","protected":false},"featured_media":945,"comment_status":"open","ping_status":"closed","template":"","meta":{"_iconic_wsb_product_page_order_bump_ids":[],"_sku":["8945005026759"],"_iconic_wsb_product_page_bump_modal_ids":[]},"product_brand":[],"product_cat":[57,73,27],"product_tag":[138,76,83],"class_list":{"0":"post-968","1":"product","2":"type-product","3":"status-publish","4":"has-post-thumbnail","6":"product_cat-uitnodigingen-uitnodigingskaarten-verjaardag-jubileum","7":"product_cat-beroemde-gebouwen","8":"product_cat-liefde-liefdeskaarten-valentijnskaarten","9":"product_tag-gebouw","10":"product_tag-parijs","11":"product_tag-valentijn","12":"pa_brand-popcards","14":"first","15":"instock","16":"taxable","17":"shipping-taxable","18":"purchasable","19":"product-type-simple"},"gallery_images":[943,944,942],"_links":{"self":[{"href":"https:\/\/popcards.nl\/it\/wp-json\/wp\/v2\/product\/968","targetHints":{"allow":["GET"]}}],"collection":[{"href":"https:\/\/popcards.nl\/it\/wp-json\/wp\/v2\/product"}],"about":[{"href":"https:\/\/popcards.nl\/it\/wp-json\/wp\/v2\/types\/product"}],"replies":[{"embeddable":true,"href":"https:\/\/popcards.nl\/it\/wp-json\/wp\/v2\/comments?post=968"}],"wp:featuredmedia":[{"embeddable":true,"href":"https:\/\/popcards.nl\/it\/wp-json\/wp\/v2\/media\/945"}],"wp:attachment":[{"href":"https:\/\/popcards.nl\/it\/wp-json\/wp\/v2\/media?parent=968"}],"wp:term":[{"taxonomy":"product_brand","embeddable":true,"href":"https:\/\/popcards.nl\/it\/wp-json\/wp\/v2\/product_brand?post=968"},{"taxonomy":"product_cat","embeddable":true,"href":"https:\/\/popcards.nl\/it\/wp-json\/wp\/v2\/product_cat?post=968"},{"taxonomy":"product_tag","embeddable":true,"href":"https:\/\/popcards.nl\/it\/wp-json\/wp\/v2\/product_tag?post=968"}],"curies":[{"name":"parola chiave","href":"https:\/\/api.w.org\/{rel}","templated":true}]}}