{"id":985,"date":"2019-01-30T22:31:29","date_gmt":"2019-01-30T21:31:29","guid":{"rendered":"https:\/\/popcards.nl\/?post_type=product&#038;p=985"},"modified":"2026-04-25T15:41:16","modified_gmt":"2026-04-25T13:41:16","slug":"torta-felice-con-candela","status":"publish","type":"product","link":"https:\/\/popcards.nl\/it\/product\/vrolijke-verjaardagstaart-3d-verjaardagskaart\/","title":{"rendered":"Torta di buon compleanno con candela - oro | biglietto d&#039;auguri pop-up"},"content":{"rendered":"<p>Una deliziosa torta che non fa ingrassare. Un bel biglietto di auguri pop-up per tutte le et\u00e0. <a href=\"https:\/\/popcards.nl\/it\/carta-geografica\/buon-compleanno-torta-candela-carta-di-compleanno\/\">Questa carta \u00e8 disponibile anche in rosso intenso.<\/a> <a href=\"https:\/\/popcards.nl\/it\/carta-geografica\/biglietto-di-auguri-festa-di-compleanno\/\">Hai visto anche il nostro altro biglietto d&#039;auguri?<\/a><\/p>\n<p>Formato della carta 26 \u00d7 15, cm, piegato a 13 \u00d7 15,5 cm.<br \/>\nInclusa busta vuota coordinata, confezionata in sacchetto di cellophane.<\/p>","protected":false},"excerpt":{"rendered":"<p>Una torta deliziosa che non far\u00e0 ingrassare. Un divertente biglietto di auguri pop-up per ogni et\u00e0. Questa carta \u00e8 disponibile anche in rosso intenso. Hai visto anche l&#039;altro nostro biglietto d&#039;auguri? Formato cartoncino 26\u00d715 cm, piegato a 13\u00d715,5 cm. Include busta vuota abbinata, confezionata in un sacchetto di cellophane.<\/p>","protected":false},"featured_media":947,"comment_status":"open","ping_status":"closed","template":"","meta":{"_iconic_wsb_product_page_order_bump_ids":[[]],"_sku":["8945005026766"],"_iconic_wsb_product_page_bump_modal_ids":[[]]},"product_brand":[],"product_cat":[34,57],"product_tag":[246,137],"class_list":{"0":"post-985","1":"product","2":"type-product","3":"status-publish","4":"has-post-thumbnail","6":"product_cat-felicitatie-verjaardag-verjaardagskaarten","7":"product_cat-uitnodigingen-uitnodigingskaarten-verjaardag-jubileum","8":"product_tag-taart","9":"product_tag-verjaardag","10":"pa_brand-popcards","12":"first","13":"instock","14":"taxable","15":"shipping-taxable","16":"purchasable","17":"product-type-simple"},"gallery_images":[75494],"_links":{"self":[{"href":"https:\/\/popcards.nl\/it\/wp-json\/wp\/v2\/product\/985","targetHints":{"allow":["GET"]}}],"collection":[{"href":"https:\/\/popcards.nl\/it\/wp-json\/wp\/v2\/product"}],"about":[{"href":"https:\/\/popcards.nl\/it\/wp-json\/wp\/v2\/types\/product"}],"replies":[{"embeddable":true,"href":"https:\/\/popcards.nl\/it\/wp-json\/wp\/v2\/comments?post=985"}],"wp:featuredmedia":[{"embeddable":true,"href":"https:\/\/popcards.nl\/it\/wp-json\/wp\/v2\/media\/947"}],"wp:attachment":[{"href":"https:\/\/popcards.nl\/it\/wp-json\/wp\/v2\/media?parent=985"}],"wp:term":[{"taxonomy":"product_brand","embeddable":true,"href":"https:\/\/popcards.nl\/it\/wp-json\/wp\/v2\/product_brand?post=985"},{"taxonomy":"product_cat","embeddable":true,"href":"https:\/\/popcards.nl\/it\/wp-json\/wp\/v2\/product_cat?post=985"},{"taxonomy":"product_tag","embeddable":true,"href":"https:\/\/popcards.nl\/it\/wp-json\/wp\/v2\/product_tag?post=985"}],"curies":[{"name":"parola chiave","href":"https:\/\/api.w.org\/{rel}","templated":true}]}}