{"id":98653,"date":"2026-01-26T16:20:57","date_gmt":"2026-01-26T15:20:57","guid":{"rendered":"https:\/\/popcards.nl\/?post_type=product&#038;p=98653"},"modified":"2026-04-09T14:55:33","modified_gmt":"2026-04-09T12:55:33","slug":"farfalle-flatyz-candela-piatta-dipinta-a-mano","status":"publish","type":"product","link":"https:\/\/popcards.nl\/it\/product\/vlinders-flatyz-platte-kaars-handbeschilderd\/","title":{"rendered":"Farfalle arcobaleno | Candela piatta FLATYZ \u2013 regalo unico dipinto a mano"},"content":{"rendered":"<h2>Biglietti pop-up? Candele pop-up! \ud83d\ude09<\/h2>\n<p>La candela piatta FLATYZ \u2013 Farfalle Arcobaleno \u00e8 un regalo dal design unico che cattura immediatamente l&#039;attenzione. <strong>candela dipinta a mano<\/strong> che unisce atmosfera e design in un unico oggetto speciale.<\/p>\n<p>Questa splendida candela \u00e8 decorata con una variet\u00e0 di farfalle colorate. Ogni farfalla presenta pennellate uniche con i colori dell&#039;arcobaleno. Una vera opera d&#039;arte!<\/p>\n<p>Ogni candela piatta FLATYZ \u00e8 colata e dipinta a mano da abili artigiani in Lituania. Nessuna produzione in serie, solo artigianalit\u00e0. <strong>rendendo ogni copia unica<\/strong>.<\/p>\n<p>La forma piatta con due stoppini \u00e8 unica. Un ulteriore vantaggio \u00e8 che la candela confezionata pu\u00f2 essere consegnata tramite la cassetta postale. La candela non produce fumo, \u00e8 inodore, non gocciola e si spegne da sola quando \u00e8 quasi vuota. Grazie al doppio stoppino in cotone, la candela brucia in modo uniforme. La base in metallo garantisce stabilit\u00e0.<\/p>\n<p>Un&#039;aggiunta elegante alla tua casa, ma anche un regalo artistico originale da regalare o idealmente inviare per posta. Riceverai un biglietto per un messaggio personale e un intero <strong>bella confezione regalo<\/strong>.<\/p>\n<div id=\"attachment_99801\" style=\"width: 258px\" class=\"wp-caption alignright\"><img decoding=\"async\" aria-describedby=\"caption-attachment-99801\" class=\"wp-image-99801\" src=\"https:\/\/popcards.nl\/wp-content\/uploads\/2026\/02\/kaars-met-verpakking-verticaal-248x300.jpg\" alt=\"\" width=\"248\" height=\"300\" title=\"\" srcset=\"https:\/\/popcards.nl\/wp-content\/uploads\/2026\/02\/kaars-met-verpakking-verticaal-248x300.jpg 248w, https:\/\/popcards.nl\/wp-content\/uploads\/2026\/02\/kaars-met-verpakking-verticaal-992x1200.jpg 992w, https:\/\/popcards.nl\/wp-content\/uploads\/2026\/02\/kaars-met-verpakking-verticaal-768x929.jpg 768w, https:\/\/popcards.nl\/wp-content\/uploads\/2026\/02\/kaars-met-verpakking-verticaal-10x12.jpg 10w, https:\/\/popcards.nl\/wp-content\/uploads\/2026\/02\/kaars-met-verpakking-verticaal-583x705.jpg 583w, https:\/\/popcards.nl\/wp-content\/uploads\/2026\/02\/kaars-met-verpakking-verticaal-450x544.jpg 450w, https:\/\/popcards.nl\/wp-content\/uploads\/2026\/02\/kaars-met-verpakking-verticaal-600x726.jpg 600w, https:\/\/popcards.nl\/wp-content\/uploads\/2026\/02\/kaars-met-verpakking-verticaal-300x363.jpg 300w, https:\/\/popcards.nl\/wp-content\/uploads\/2026\/02\/kaars-met-verpakking-verticaal.jpg 1154w\" sizes=\"(max-width: 248px) 100vw, 248px\" \/><p id=\"caption-attachment-99801\" class=\"wp-caption-text\">Include biglietto da visita e confezione regalo<\/p><\/div>\n<ul>\n<li>Fatto a mano e dipinto a mano<\/li>\n<li>Design unico e piatto (brevettato)<\/li>\n<li>Senza fumo, inodore e senza gocciolamento<\/li>\n<li>Doppio fusibile, autoestinguente<\/li>\n<li>Inclusa robusta base in acciaio<\/li>\n<li>Dimensioni: 15 cm x 6,1 cm x 1 cm<\/li>\n<li>Tempo di combustione: 3-4 ore<\/li>\n<li>Adatto per l&#039;invio tramite posta ordinaria<\/li>\n<li>Include una cartolina per un messaggio personale<\/li>\n<li>Inclusa una bellissima confezione regalo<\/li>\n<\/ul>","protected":false},"excerpt":{"rendered":"<p>Popcards? Popkaars! \ud83d\ude09 De FLATYZ platte kaars \u2013 Regenboog Vlinders is een uniek designcadeau dat direct in het oog springt. Een handbeschilderde kaars die sfeer en design combineert in \u00e9\u00e9n bijzonder object. Deze schitterende kaars is versierd met diverse kleurrijke vlinders. Elke vinder heeft unieke penseelstreken met kleuren uit de hele regenboog. Een waar stukje [&hellip;]<\/p>\n","protected":false},"featured_media":98568,"comment_status":"open","ping_status":"closed","template":"","meta":{"_iconic_wsb_product_page_order_bump_ids":[[]],"_sku":["4805388562006"],"_iconic_wsb_product_page_bump_modal_ids":[[]]},"product_brand":[],"product_cat":[289],"product_tag":[290,247],"class_list":{"0":"post-98653","1":"product","2":"type-product","3":"status-publish","4":"has-post-thumbnail","6":"product_cat-flatyz-handbeschilderde-platte-kaarsen","7":"product_tag-flatyz-platte-kaars","8":"product_tag-vlinder","10":"first","11":"instock","12":"taxable","13":"shipping-taxable","14":"purchasable","15":"product-type-simple"},"gallery_images":[98597,98587,99797],"_links":{"self":[{"href":"https:\/\/popcards.nl\/it\/wp-json\/wp\/v2\/product\/98653","targetHints":{"allow":["GET"]}}],"collection":[{"href":"https:\/\/popcards.nl\/it\/wp-json\/wp\/v2\/product"}],"about":[{"href":"https:\/\/popcards.nl\/it\/wp-json\/wp\/v2\/types\/product"}],"replies":[{"embeddable":true,"href":"https:\/\/popcards.nl\/it\/wp-json\/wp\/v2\/comments?post=98653"}],"wp:featuredmedia":[{"embeddable":true,"href":"https:\/\/popcards.nl\/it\/wp-json\/wp\/v2\/media\/98568"}],"wp:attachment":[{"href":"https:\/\/popcards.nl\/it\/wp-json\/wp\/v2\/media?parent=98653"}],"wp:term":[{"taxonomy":"product_brand","embeddable":true,"href":"https:\/\/popcards.nl\/it\/wp-json\/wp\/v2\/product_brand?post=98653"},{"taxonomy":"product_cat","embeddable":true,"href":"https:\/\/popcards.nl\/it\/wp-json\/wp\/v2\/product_cat?post=98653"},{"taxonomy":"product_tag","embeddable":true,"href":"https:\/\/popcards.nl\/it\/wp-json\/wp\/v2\/product_tag?post=98653"}],"curies":[{"name":"parola chiave","href":"https:\/\/api.w.org\/{rel}","templated":true}]}}