{"id":98656,"date":"2026-01-26T16:33:37","date_gmt":"2026-01-26T15:33:37","guid":{"rendered":"https:\/\/popcards.nl\/?post_type=product&#038;p=98656"},"modified":"2026-04-09T14:55:33","modified_gmt":"2026-04-09T12:55:33","slug":"albero-di-natale-flatyz-candela-piatta-dipinta-a-mano","status":"publish","type":"product","link":"https:\/\/popcards.nl\/it\/product\/kerstboom-flatyz-platte-kaars-handbeschilderd\/","title":{"rendered":"Candela di Natale Albero di Natale Biglietto di Natale | FLATYZ Flat Candle \u2013 Regalo unico dipinto a mano"},"content":{"rendered":"<h2>Biglietti pop-up? Candele pop-up! \ud83d\ude09<\/h2>\n<p>La candela piatta FLATYZ \u2013 Candela natalizia Notte di Natale con stella e albero di Natale \u00e8 un regalo di design unico che cattura immediatamente l&#039;attenzione. <strong>candela dipinta a mano<\/strong> che unisce atmosfera e design in un unico oggetto speciale.<\/p>\n<p>Questa candela raffigura una magica scena invernale con alberi innevati, accoglienti cottage immersi in un soffice manto di neve e una stella dorata splendente su uno sfondo blu intenso. Un regalo delizioso per le feste e una splendida aggiunta al tuo arredamento invernale.<\/p>\n<p>Ogni candela piatta FLATYZ \u00e8 colata e dipinta a mano da abili artigiani in Lituania. Nessuna produzione in serie, solo artigianalit\u00e0. <strong>rendendo ogni copia unica<\/strong>.<\/p>\n<p>La forma piatta con due stoppini \u00e8 unica. Un ulteriore vantaggio \u00e8 che la candela confezionata pu\u00f2 essere consegnata tramite la cassetta postale. La candela non produce fumo, \u00e8 inodore, non gocciola e si spegne da sola quando \u00e8 quasi vuota. Grazie al doppio stoppino in cotone, la candela brucia in modo uniforme. La base in metallo garantisce stabilit\u00e0.<\/p>\n<p>Un&#039;aggiunta elegante alla tua casa, ma anche un regalo artistico originale da regalare o idealmente inviare per posta. Riceverai un biglietto per un messaggio personale e un intero <strong>bella confezione regalo<\/strong>.<\/p>\n<div id=\"attachment_99801\" style=\"width: 258px\" class=\"wp-caption alignright\"><img decoding=\"async\" aria-describedby=\"caption-attachment-99801\" class=\"wp-image-99801\" src=\"https:\/\/popcards.nl\/wp-content\/uploads\/2026\/02\/kaars-met-verpakking-verticaal-248x300.jpg\" alt=\"\" width=\"248\" height=\"300\" title=\"\" srcset=\"https:\/\/popcards.nl\/wp-content\/uploads\/2026\/02\/kaars-met-verpakking-verticaal-248x300.jpg 248w, https:\/\/popcards.nl\/wp-content\/uploads\/2026\/02\/kaars-met-verpakking-verticaal-992x1200.jpg 992w, https:\/\/popcards.nl\/wp-content\/uploads\/2026\/02\/kaars-met-verpakking-verticaal-768x929.jpg 768w, https:\/\/popcards.nl\/wp-content\/uploads\/2026\/02\/kaars-met-verpakking-verticaal-10x12.jpg 10w, https:\/\/popcards.nl\/wp-content\/uploads\/2026\/02\/kaars-met-verpakking-verticaal-583x705.jpg 583w, https:\/\/popcards.nl\/wp-content\/uploads\/2026\/02\/kaars-met-verpakking-verticaal-450x544.jpg 450w, https:\/\/popcards.nl\/wp-content\/uploads\/2026\/02\/kaars-met-verpakking-verticaal-600x726.jpg 600w, https:\/\/popcards.nl\/wp-content\/uploads\/2026\/02\/kaars-met-verpakking-verticaal-300x363.jpg 300w, https:\/\/popcards.nl\/wp-content\/uploads\/2026\/02\/kaars-met-verpakking-verticaal.jpg 1154w\" sizes=\"(max-width: 248px) 100vw, 248px\" \/><p id=\"caption-attachment-99801\" class=\"wp-caption-text\">Include biglietto da visita e confezione regalo<\/p><\/div>\n<ul>\n<li>Fatto a mano e dipinto a mano<\/li>\n<li>Design unico e piatto (brevettato)<\/li>\n<li>Senza fumo, inodore e senza gocciolamento<\/li>\n<li>Doppio fusibile, autoestinguente<\/li>\n<li>Inclusa robusta base in acciaio<\/li>\n<li>Dimensioni: 15 cm x 6,1 cm x 1 cm<\/li>\n<li>Tempo di combustione: 3-4 ore<\/li>\n<li>Adatto per l&#039;invio tramite posta ordinaria<\/li>\n<li>Include una cartolina per un messaggio personale<\/li>\n<li>Inclusa una bellissima confezione regalo<\/li>\n<\/ul>","protected":false},"excerpt":{"rendered":"<p>Popcards? Popkaars! \ud83d\ude09 De FLATYZ platte kaars \u2013 Kerstkaars kerstnacht met ster met een kerstboom is een uniek designcadeau dat direct in het oog springt. Een handbeschilderde kaars die sfeer en design combineert in \u00e9\u00e9n bijzonder object. Deze kaars toont een magisch winters tafereel met besneeuwde bomen, knusse huisjes onder een zachte laag sneeuw en [&hellip;]<\/p>\n","protected":false},"featured_media":98582,"comment_status":"open","ping_status":"closed","template":"","meta":{"_iconic_wsb_product_page_order_bump_ids":[[]],"_sku":["4805388562002"],"_iconic_wsb_product_page_bump_modal_ids":[[]]},"product_brand":[],"product_cat":[289],"product_tag":[290,131],"class_list":{"0":"post-98656","1":"product","2":"type-product","3":"status-publish","4":"has-post-thumbnail","6":"product_cat-flatyz-handbeschilderde-platte-kaarsen","7":"product_tag-flatyz-platte-kaars","8":"product_tag-kerst","10":"first","11":"instock","12":"taxable","13":"shipping-taxable","14":"purchasable","15":"product-type-simple"},"gallery_images":[98581,99797,98587],"_links":{"self":[{"href":"https:\/\/popcards.nl\/it\/wp-json\/wp\/v2\/product\/98656","targetHints":{"allow":["GET"]}}],"collection":[{"href":"https:\/\/popcards.nl\/it\/wp-json\/wp\/v2\/product"}],"about":[{"href":"https:\/\/popcards.nl\/it\/wp-json\/wp\/v2\/types\/product"}],"replies":[{"embeddable":true,"href":"https:\/\/popcards.nl\/it\/wp-json\/wp\/v2\/comments?post=98656"}],"wp:featuredmedia":[{"embeddable":true,"href":"https:\/\/popcards.nl\/it\/wp-json\/wp\/v2\/media\/98582"}],"wp:attachment":[{"href":"https:\/\/popcards.nl\/it\/wp-json\/wp\/v2\/media?parent=98656"}],"wp:term":[{"taxonomy":"product_brand","embeddable":true,"href":"https:\/\/popcards.nl\/it\/wp-json\/wp\/v2\/product_brand?post=98656"},{"taxonomy":"product_cat","embeddable":true,"href":"https:\/\/popcards.nl\/it\/wp-json\/wp\/v2\/product_cat?post=98656"},{"taxonomy":"product_tag","embeddable":true,"href":"https:\/\/popcards.nl\/it\/wp-json\/wp\/v2\/product_tag?post=98656"}],"curies":[{"name":"parola chiave","href":"https:\/\/api.w.org\/{rel}","templated":true}]}}