{"id":987,"date":"2019-01-30T22:34:34","date_gmt":"2019-01-30T21:34:34","guid":{"rendered":"https:\/\/popcards.nl\/?post_type=product&#038;p=987"},"modified":"2025-10-03T13:54:30","modified_gmt":"2025-10-03T11:54:30","slug":"colorata-merry-pie-con-pagliaccio-e-lelefante","status":"publish","type":"product","link":"https:\/\/popcards.nl\/it\/product\/vrolijke-kleurrijke-taart-met-clown-en-olifantje\/","title":{"rendered":"Allegro torta colorata con clown ed elefante biglietto di auguri"},"content":{"rendered":"<p>Torta variopinta allegra con il pagliaccio e l&#039;elefante. Una deliziosa torta che ti render\u00e0 felice. Una bella carta per ogni et\u00e0. Non ti annoierai. <a href=\"https:\/\/popcards.nl\/it\/carta-geografica\/biglietto-di-auguri-festa-di-compleanno\/\">Hai visto anche il nostro altro menu di dolci?<\/a><\/p>\n<p>Formato della carta 30 \u00d7 15, cm, piegato a 15 \u00d7 15 cm.<br \/>\nInclusa busta vuota coordinata, confezionata in sacchetto di cellophane.<\/p>","protected":false},"excerpt":{"rendered":"<p>Torta colorata allegra con clown ed elefante. Una torta deliziosa che vi render\u00e0 felici. Una bella carta per ogni et\u00e0. Non ti stanchi. Hai visto anche l&#039;altra nostra cake card? Formato cartoncino 30\u00d715 cm, piegato a 15\u00d715 cm. Include busta vuota abbinata, confezionata in un sacchetto di cellophane.<\/p>","protected":false},"featured_media":927,"comment_status":"open","ping_status":"closed","template":"","meta":{"_iconic_wsb_product_page_order_bump_ids":[],"_sku":["8945005026681"],"_iconic_wsb_product_page_bump_modal_ids":[]},"product_brand":[],"product_cat":[34,57],"product_tag":[246,137],"class_list":{"0":"post-987","1":"product","2":"type-product","3":"status-publish","4":"has-post-thumbnail","6":"product_cat-felicitatie-verjaardag-verjaardagskaarten","7":"product_cat-uitnodigingen-uitnodigingskaarten-verjaardag-jubileum","8":"product_tag-taart","9":"product_tag-verjaardag","10":"pa_brand-popcards","12":"first","13":"outofstock","14":"taxable","15":"shipping-taxable","16":"purchasable","17":"product-type-simple"},"gallery_images":[926],"_links":{"self":[{"href":"https:\/\/popcards.nl\/it\/wp-json\/wp\/v2\/product\/987","targetHints":{"allow":["GET"]}}],"collection":[{"href":"https:\/\/popcards.nl\/it\/wp-json\/wp\/v2\/product"}],"about":[{"href":"https:\/\/popcards.nl\/it\/wp-json\/wp\/v2\/types\/product"}],"replies":[{"embeddable":true,"href":"https:\/\/popcards.nl\/it\/wp-json\/wp\/v2\/comments?post=987"}],"wp:featuredmedia":[{"embeddable":true,"href":"https:\/\/popcards.nl\/it\/wp-json\/wp\/v2\/media\/927"}],"wp:attachment":[{"href":"https:\/\/popcards.nl\/it\/wp-json\/wp\/v2\/media?parent=987"}],"wp:term":[{"taxonomy":"product_brand","embeddable":true,"href":"https:\/\/popcards.nl\/it\/wp-json\/wp\/v2\/product_brand?post=987"},{"taxonomy":"product_cat","embeddable":true,"href":"https:\/\/popcards.nl\/it\/wp-json\/wp\/v2\/product_cat?post=987"},{"taxonomy":"product_tag","embeddable":true,"href":"https:\/\/popcards.nl\/it\/wp-json\/wp\/v2\/product_tag?post=987"}],"curies":[{"name":"parola chiave","href":"https:\/\/api.w.org\/{rel}","templated":true}]}}